{"id":9,"date":"2026-03-25T15:13:34","date_gmt":"2026-03-25T15:13:34","guid":{"rendered":"https:\/\/designforfacade.com\/?page_id=9"},"modified":"2026-03-25T15:45:19","modified_gmt":"2026-03-25T15:45:19","slug":"richtlinien-der-deutschen-aho-fachkommission-aho-heft-28","status":"publish","type":"page","link":"https:\/\/designforfacade.com\/en\/richtlinien-der-deutschen-aho-fachkommission-aho-heft-28\/","title":{"rendered":"Richtlinien der deutschen AHO- Fachkommission (AHO-Heft 28)"},"content":{"rendered":"<div data-elementor-type=\"wp-post\" data-elementor-id=\"9\" class=\"elementor elementor-9\">\n\t\t\t\t<div class=\"elementor-element elementor-element-6f253dc e-flex e-con-boxed e-con e-parent\" data-id=\"6f253dc\" data-element_type=\"container\" data-e-type=\"container\">\n\t\t\t\t\t<div class=\"e-con-inner\">\n\t\t\t\t<div class=\"elementor-element elementor-element-ea59013 elementor-widget elementor-widget-text-editor\" data-id=\"ea59013\" data-element_type=\"widget\" data-e-type=\"widget\" data-widget_type=\"text-editor.default\">\n\t\t\t\t\t\t\t\t\t<p>\u00a0<\/p><p>Zentralen Leistungen, die sich aus diesen Richtlinien ableiten lassen:<\/p><ol><li><h5><strong><span style=\"text-decoration: underline;\">Strategic consulting in early design phases<\/span><\/strong><\/h5><\/li><\/ol><ul><li>Beratung zur Entwicklung von <strong>Fassaden-Grundkonzepten<\/strong><\/li><li>Analyse der Projektanforderungen (Nutzung, Standort, Budget, Vorschriften)<\/li><li>Abstimmung mit Architekten und Fachplanern<\/li><li>Pr\u00fcfung und Plausibilisierung der planerischen Vorgaben<br \/>(funktional, konstruktiv, bauphysikalisch)<\/li><li>Entwicklung und Vergleich von <strong>Fassadenvarianten<\/strong><\/li><li>Erste Kostensch\u00e4tzung f\u00fcr unterschiedliche Fassadentypen<\/li><\/ul><p>\u00a0<\/p><ol start=\"2\"><li><h5><span style=\"text-decoration: underline;\"><strong>Development of the facade concept<\/strong><\/span><\/h5><\/li><\/ol><ul><li>Unterst\u00fctzung bei der Ausarbeitung des Fassadenentwurfs<\/li><li>Erstellung von <strong>konzeptionellen Details und Skizzen<\/strong><\/li><li>Beratung bei der Auswahl von:<ul><li>Materialien<\/li><li>Oberfl\u00e4chen<\/li><li>Fassadensystemen<\/li><\/ul><\/li><li>Empfehlungen zu Wartung, Reinigung und Lebensdauer<\/li><li>Vordimensionierung von Profilen und Verglasungen<\/li><li>Mitwirkung bei der Kostenberechnung<\/li><\/ul><p>\u00a0<\/p><ol start=\"3\"><li><h5><span style=\"text-decoration: underline;\"><strong> Technical development and detailed design<\/strong><\/span><\/h5><\/li><\/ol><ul><li>Erstellung von <strong>Leitdetails (1:1)<\/strong><\/li><li>Entwicklung von L\u00f6sungen f\u00fcr:<ul><li>Anschl\u00fcsse und \u00dcberg\u00e4nge<\/li><li>Befestigungen und Verankerungen<\/li><li>W\u00e4rmed\u00e4mmung und Abdichtung<\/li><\/ul><\/li><li>Ber\u00fccksichtigung von Bautoleranzen und Tragwerksverformungen<\/li><li>System- und produktneutrale Planung<\/li><\/ul><p>\u00a0<\/p><ol start=\"4\"><li><h5><span style=\"text-decoration: underline;\"><strong> Technical specifications<\/strong><\/span><\/h5><\/li><\/ol><ul><li>Erstellung von <strong>Konstruktionsbeschreibungen<\/strong><\/li><li>Definition von:<ul><li>Materialien<\/li><li>Qualit\u00e4tsanforderungen<\/li><li>Ausf\u00fchrungsstandards<\/li><\/ul><\/li><li>Grundlage f\u00fcr Ausschreibung und Vergabe<\/li><\/ul><p>\u00a0<\/p><ol start=\"5\"><li><h5><span style=\"text-decoration: underline;\"><strong> Support during tendering and procurement<\/strong><\/span><\/h5><\/li><\/ol><ul><li>Fachtechnische Beratung bei der Bewertung von Angeboten<\/li><li>Vergleich und Beurteilung von Fassadenl\u00f6sungen<\/li><li>Teilnahme an technischen Bietergespr\u00e4chen<\/li><\/ul><h5>\u00a0<\/h5><ol start=\"6\"><li><h5><span style=\"text-decoration: underline;\"><strong> Technical review of technical submittals, calculations &amp; shop drawings.<\/strong><\/span><\/h5><\/li><\/ol><ul><li>Pr\u00fcfung von Werk- und Montageplanungen<\/li><li>Kontrolle hinsichtlich:<ul><li>\u00dcbereinstimmung mit dem Entwurf<\/li><li>Normen und Vorschriften<\/li><li>technischer Umsetzbarkeit<\/li><\/ul><\/li><li>Bewertung von bauphysikalischen und statischen Aspekten<\/li><\/ul><h5>\u00a0<\/h5><ol start=\"7\"><li><h5><span style=\"text-decoration: underline;\"><strong> (Optional) Reports on site during the construction-phase.<\/strong><\/span><\/h5><\/li><\/ol><ul><li>Unterst\u00fctzung w\u00e4hrend der Ausf\u00fchrung<\/li><li>Technische Kl\u00e4rung von Detailfragen auf der Baustelle<\/li><li>Begleitung von Pr\u00fcfungen und Abnahmen<\/li><\/ul><p>\u00a0<\/p>\t\t\t\t\t\t\t\t<\/div>\n\t\t\t\t\t<\/div>\n\t\t\t\t<\/div>\n\t\t\t\t<\/div>","protected":false},"excerpt":{"rendered":"<p>\u00a0 Zentralen Leistungen, die sich aus diesen Richtlinien ableiten lassen: Strategische Beratung in fr\u00fchen Planungsphasen Beratung zur Entwicklung von Fassaden-Grundkonzepten Analyse der Projektanforderungen (Nutzung, Standort, Budget, Vorschriften) Abstimmung mit Architekten und Fachplanern Pr\u00fcfung und Plausibilisierung der planerischen Vorgaben(funktional, konstruktiv, bauphysikalisch) Entwicklung und Vergleich von Fassadenvarianten Erste Kostensch\u00e4tzung f\u00fcr unterschiedliche Fassadentypen \u00a0 Entwicklung des Fassadenkonzepts Unterst\u00fctzung [&hellip;]<\/p>\n","protected":false},"author":1,"featured_media":0,"parent":0,"menu_order":0,"comment_status":"closed","ping_status":"closed","template":"","meta":{"footnotes":""},"class_list":["post-9","page","type-page","status-publish","hentry"],"_links":{"self":[{"href":"https:\/\/designforfacade.com\/en\/wp-json\/wp\/v2\/pages\/9","targetHints":{"allow":["GET"]}}],"collection":[{"href":"https:\/\/designforfacade.com\/en\/wp-json\/wp\/v2\/pages"}],"about":[{"href":"https:\/\/designforfacade.com\/en\/wp-json\/wp\/v2\/types\/page"}],"author":[{"embeddable":true,"href":"https:\/\/designforfacade.com\/en\/wp-json\/wp\/v2\/users\/1"}],"replies":[{"embeddable":true,"href":"https:\/\/designforfacade.com\/en\/wp-json\/wp\/v2\/comments?post=9"}],"version-history":[{"count":10,"href":"https:\/\/designforfacade.com\/en\/wp-json\/wp\/v2\/pages\/9\/revisions"}],"predecessor-version":[{"id":272,"href":"https:\/\/designforfacade.com\/en\/wp-json\/wp\/v2\/pages\/9\/revisions\/272"}],"wp:attachment":[{"href":"https:\/\/designforfacade.com\/en\/wp-json\/wp\/v2\/media?parent=9"}],"curies":[{"name":"wp","href":"https:\/\/api.w.org\/{rel}","templated":true}]}}