{"id":15,"date":"2026-03-21T15:32:04","date_gmt":"2026-03-21T15:32:04","guid":{"rendered":"https:\/\/designforfacade.com\/contact\/"},"modified":"2026-04-05T17:22:23","modified_gmt":"2026-04-05T17:22:23","slug":"contact","status":"publish","type":"page","link":"https:\/\/designforfacade.com\/en\/contact\/","title":{"rendered":"Contact"},"content":{"rendered":"<div data-elementor-type=\"wp-page\" data-elementor-id=\"15\" class=\"elementor elementor-15\">\n\t\t\t\t<div class=\"elementor-element elementor-element-70f957b2 e-flex e-con-boxed e-con e-parent\" data-id=\"70f957b2\" data-element_type=\"container\" data-e-type=\"container\" data-settings=\"{&quot;background_background&quot;:&quot;classic&quot;}\">\n\t\t\t\t\t<div class=\"e-con-inner\">\n\t\t\t\t<div class=\"elementor-element elementor-element-705a20ad elementor-widget elementor-widget-heading\" data-id=\"705a20ad\" data-element_type=\"widget\" data-e-type=\"widget\" data-widget_type=\"heading.default\">\n\t\t\t\t\t<h1 class=\"elementor-heading-title elementor-size-default\">Get In Touch<\/h1>\t\t\t\t<\/div>\n\t\t<div class=\"elementor-element elementor-element-781aaf24 e-con-full e-flex e-con e-child\" data-id=\"781aaf24\" data-element_type=\"container\" data-e-type=\"container\">\n\t\t\t\t<div class=\"elementor-element elementor-element-191bb214 elementor-widget elementor-widget-text-editor\" data-id=\"191bb214\" data-element_type=\"widget\" data-e-type=\"widget\" data-widget_type=\"text-editor.default\">\n\t\t\t\t\t\t\t\t\t<p>Wir freuen uns, von Ihnen zu h\u00f6ren.<br data-start=\"110\" data-end=\"113\" \/>Z\u00f6gern Sie nicht, uns \u00fcber die unten stehenden Kontaktdaten zu erreichen<\/p><p>_________________<\/p><p>We would love to hear from you. <br \/>Feel free to reach out using the below details.<\/p>\t\t\t\t\t\t\t\t<\/div>\n\t\t<div class=\"elementor-element elementor-element-6eb17614 e-con-full e-flex e-con e-child\" data-id=\"6eb17614\" data-element_type=\"container\" data-e-type=\"container\">\n\t\t\t\t<div class=\"elementor-element elementor-element-123db739 elementor-widget-divider--view-line elementor-widget elementor-widget-divider\" data-id=\"123db739\" data-element_type=\"widget\" data-e-type=\"widget\" data-widget_type=\"divider.default\">\n\t\t\t\t\t\t\t<div class=\"elementor-divider\">\n\t\t\t<span class=\"elementor-divider-separator\">\n\t\t\t\t\t\t<\/span>\n\t\t<\/div>\n\t\t\t\t\t\t<\/div>\n\t\t\t\t<div class=\"elementor-element elementor-element-65672489 elementor-align-center elementor-icon-list--layout-traditional elementor-list-item-link-full_width elementor-widget elementor-widget-icon-list\" data-id=\"65672489\" data-element_type=\"widget\" data-e-type=\"widget\" data-widget_type=\"icon-list.default\">\n\t\t\t\t\t\t\t<ul class=\"elementor-icon-list-items\">\n\t\t\t\t\t\t\t<li class=\"elementor-icon-list-item\">\n\t\t\t\t\t\t\t\t\t\t<span class=\"elementor-icon-list-text\">PHONE: +43 6606208255<\/span>\n\t\t\t\t\t\t\t\t\t<\/li>\n\t\t\t\t\t\t\t\t<li class=\"elementor-icon-list-item\">\n\t\t\t\t\t\t\t\t\t\t\t<a href=\"mailto:villoslada.b@designforfacade.com\">\n\n\t\t\t\t\t\t\t\t\t\t\t<span class=\"elementor-icon-list-text\">EMAIL: villoslada.b@designforfacade.com<\/span>\n\t\t\t\t\t\t\t\t\t\t\t<\/a>\n\t\t\t\t\t\t\t\t\t<\/li>\n\t\t\t\t\t\t<\/ul>\n\t\t\t\t\t\t<\/div>\n\t\t<div class=\"elementor-element elementor-element-7b8fc36 e-con-full e-flex e-con e-child\" data-id=\"7b8fc36\" data-element_type=\"container\" data-e-type=\"container\">\n\t\t\t\t<div class=\"elementor-element elementor-element-8b1a669 elementor-widget__width-initial elementor-widget elementor-widget-heading\" data-id=\"8b1a669\" data-element_type=\"widget\" data-e-type=\"widget\" data-widget_type=\"heading.default\">\n\t\t\t\t\t<h2 class=\"elementor-heading-title elementor-size-default\">Buenaventura \nVilloslada<\/h2>\t\t\t\t<\/div>\n\t\t\t\t<div class=\"elementor-element elementor-element-da67666 elementor-widget elementor-widget-image\" data-id=\"da67666\" data-element_type=\"widget\" data-e-type=\"widget\" data-widget_type=\"image.default\">\n\t\t\t\t\t\t\t\t\t\t\t\t\t\t\t\t<a href=\"http:\/\/www.linkedin.com\/in\/buenaventura-villoslada\">\n\t\t\t\t\t\t\t<img fetchpriority=\"high\" decoding=\"async\" width=\"300\" height=\"300\" src=\"https:\/\/designforfacade.com\/wp-content\/uploads\/2026\/03\/linkedin-svgrepo-com.svg\" class=\"attachment-medium size-medium wp-image-243\" alt=\"\" \/>\t\t\t\t\t\t\t\t<\/a>\n\t\t\t\t\t\t\t\t\t\t\t\t\t\t\t<\/div>\n\t\t\t\t<\/div>\n\t\t\t\t<\/div>\n\t\t\t\t<\/div>\n\t\t\t\t\t<\/div>\n\t\t\t\t<\/div>\n\t\t\t\t<\/div>","protected":false},"excerpt":{"rendered":"<p>Get In Touch Wir freuen uns, von Ihnen zu h\u00f6ren.Z\u00f6gern Sie nicht, uns \u00fcber die unten stehenden Kontaktdaten zu erreichen _________________ We would love to hear from you. Feel free to reach out using the below details. PHONE: +43 6606208255 EMAIL: villoslada.b@designforfacade.com Buenaventura Villoslada<\/p>","protected":false},"author":1,"featured_media":22,"parent":0,"menu_order":0,"comment_status":"closed","ping_status":"closed","template":"elementor_header_footer","meta":{"footnotes":""},"class_list":["post-15","page","type-page","status-publish","has-post-thumbnail","hentry"],"_links":{"self":[{"href":"https:\/\/designforfacade.com\/en\/wp-json\/wp\/v2\/pages\/15","targetHints":{"allow":["GET"]}}],"collection":[{"href":"https:\/\/designforfacade.com\/en\/wp-json\/wp\/v2\/pages"}],"about":[{"href":"https:\/\/designforfacade.com\/en\/wp-json\/wp\/v2\/types\/page"}],"author":[{"embeddable":true,"href":"https:\/\/designforfacade.com\/en\/wp-json\/wp\/v2\/users\/1"}],"replies":[{"embeddable":true,"href":"https:\/\/designforfacade.com\/en\/wp-json\/wp\/v2\/comments?post=15"}],"version-history":[{"count":25,"href":"https:\/\/designforfacade.com\/en\/wp-json\/wp\/v2\/pages\/15\/revisions"}],"predecessor-version":[{"id":316,"href":"https:\/\/designforfacade.com\/en\/wp-json\/wp\/v2\/pages\/15\/revisions\/316"}],"wp:featuredmedia":[{"embeddable":true,"href":"https:\/\/designforfacade.com\/en\/wp-json\/wp\/v2\/media\/22"}],"wp:attachment":[{"href":"https:\/\/designforfacade.com\/en\/wp-json\/wp\/v2\/media?parent=15"}],"curies":[{"name":"wp","href":"https:\/\/api.w.org\/{rel}","templated":true}]}}